{"id":773,"date":"2024-06-17T16:06:59","date_gmt":"2024-06-17T16:06:59","guid":{"rendered":"https:\/\/cmcmedicaldevices.com\/?page_id=773"},"modified":"2026-01-21T09:38:23","modified_gmt":"2026-01-21T09:38:23","slug":"suiza-ch-rep","status":"publish","type":"page","link":"https:\/\/cmcmedicaldevices.com\/es\/regiones\/suiza-ch-rep\/","title":{"rendered":"Suiza &#8211; CH REP"},"content":{"rendered":"<div class=\"fusion-fullwidth fullwidth-box fusion-builder-row-1 fusion-flex-container has-pattern-background has-mask-background fusion-parallax-none nonhundred-percent-fullwidth non-hundred-percent-height-scrolling\" style=\"--awb-border-radius-top-left:0px;--awb-border-radius-top-right:0px;--awb-border-radius-bottom-right:0px;--awb-border-radius-bottom-left:0px;--awb-padding-top:150px;--awb-padding-bottom:85px;--awb-background-color:var(--awb-color5);--awb-background-image:linear-gradient(168deg, rgba(6,43,33,0.96) 0%,rgba(6,43,33,0.22) 100%),url(https:\/\/cmcmedicaldevices.com\/wp-content\/uploads\/2024\/07\/Suiza-CMC.webp);;--awb-background-size:cover;--awb-flex-wrap:wrap;\" ><div class=\"fusion-builder-row fusion-row fusion-flex-align-items-center fusion-flex-justify-content-space-between fusion-flex-content-wrap\" style=\"max-width:1248px;margin-left: calc(-4% \/ 2 );margin-right: calc(-4% \/ 2 );\"><div class=\"fusion-layout-column fusion_builder_column fusion-builder-column-0 fusion_builder_column_2_5 2_5 fusion-flex-column\" style=\"--awb-bg-size:cover;--awb-width-large:40%;--awb-margin-top-large:0px;--awb-spacing-right-large:4.8%;--awb-margin-bottom-large:20px;--awb-spacing-left-large:4.8%;--awb-width-medium:50%;--awb-order-medium:0;--awb-spacing-right-medium:3.84%;--awb-spacing-left-medium:3.84%;--awb-width-small:100%;--awb-order-small:0;--awb-spacing-right-small:1.92%;--awb-spacing-left-small:1.92%;\"><div class=\"fusion-column-wrapper fusion-column-has-shadow fusion-flex-justify-content-flex-start fusion-content-layout-column\"><div class=\"fusion-image-element \" style=\"--awb-margin-bottom:10px;--awb-max-width:30px;--awb-caption-title-font-family:var(--h2_typography-font-family);--awb-caption-title-font-weight:var(--h2_typography-font-weight);--awb-caption-title-font-style:var(--h2_typography-font-style);--awb-caption-title-size:var(--h2_typography-font-size);--awb-caption-title-transform:var(--h2_typography-text-transform);--awb-caption-title-line-height:var(--h2_typography-line-height);--awb-caption-title-letter-spacing:var(--h2_typography-letter-spacing);\"><span class=\" fusion-imageframe imageframe-none imageframe-1 hover-type-none fusion-animated\" data-animationType=\"rubberBand\" data-animationDuration=\"0.6\" data-animationOffset=\"top-into-view\"><img decoding=\"async\" width=\"2560\" height=\"2477\" title=\"ISOTIPO CMC MEDICAL DEVICES_AZUL\" src=\"https:\/\/cmcmedicaldevices.com\/wp-content\/uploads\/2024\/04\/ISOTIPO-CMC-MEDICAL-DEVICES_AZUL-scaled.webp\" alt class=\"img-responsive wp-image-17\" srcset=\"https:\/\/cmcmedicaldevices.com\/wp-content\/uploads\/2024\/04\/ISOTIPO-CMC-MEDICAL-DEVICES_AZUL-200x194.webp 200w, https:\/\/cmcmedicaldevices.com\/wp-content\/uploads\/2024\/04\/ISOTIPO-CMC-MEDICAL-DEVICES_AZUL-400x387.webp 400w, https:\/\/cmcmedicaldevices.com\/wp-content\/uploads\/2024\/04\/ISOTIPO-CMC-MEDICAL-DEVICES_AZUL-600x581.webp 600w, https:\/\/cmcmedicaldevices.com\/wp-content\/uploads\/2024\/04\/ISOTIPO-CMC-MEDICAL-DEVICES_AZUL-768x743.webp 768w, https:\/\/cmcmedicaldevices.com\/wp-content\/uploads\/2024\/04\/ISOTIPO-CMC-MEDICAL-DEVICES_AZUL-800x774.webp 800w, https:\/\/cmcmedicaldevices.com\/wp-content\/uploads\/2024\/04\/ISOTIPO-CMC-MEDICAL-DEVICES_AZUL-1200x1161.webp 1200w, https:\/\/cmcmedicaldevices.com\/wp-content\/uploads\/2024\/04\/ISOTIPO-CMC-MEDICAL-DEVICES_AZUL-1536x1486.webp 1536w, https:\/\/cmcmedicaldevices.com\/wp-content\/uploads\/2024\/04\/ISOTIPO-CMC-MEDICAL-DEVICES_AZUL-scaled.webp 2560w\" sizes=\"(max-width: 640px) 100vw, 600px\" \/><\/span><\/div><div class=\"fusion-title title fusion-title-1 fusion-sep-none fusion-title-text fusion-title-size-one fusion-animated\" style=\"--awb-text-color:var(--awb-color3);--awb-font-size:20px;\" data-animationType=\"fadeInDown\" data-animationDuration=\"0.6\" data-animationOffset=\"top-into-view\"><h1 class=\"fusion-title-heading title-heading-left fusion-responsive-typography-calculated\" style=\"font-family:&quot;Merriweather Sans&quot;;font-style:normal;font-weight:300;margin:0;font-size:1em;text-transform:uppercase;--fontSize:20;--minFontSize:20;line-height:var(--awb-typography1-line-height);\">Suiza | ch rep<\/h1><\/div><div class=\"fusion-title title fusion-title-2 fusion-sep-none fusion-title-text fusion-title-size-two fusion-animated\" style=\"--awb-text-color:var(--awb-color4);--awb-margin-bottom:20px;\" data-animationType=\"fadeInDown\" data-animationDuration=\"0.6\" data-animationOffset=\"top-into-view\"><h2 class=\"fusion-title-heading title-heading-left fusion-responsive-typography-calculated\" style=\"margin:0;--fontSize:40;line-height:var(--awb-typography1-line-height);\"><div class=\"page\" title=\"Page 2\">\n<div class=\"section\">\n<div class=\"layoutArea\">\n<div class=\"column\">Tu representante autorizado en Suiza<\/div>\n<\/div>\n<\/div>\n<\/div><\/h2><\/div><\/div><\/div><\/div><\/div><div class=\"fusion-fullwidth fullwidth-box fusion-builder-row-2 fusion-flex-container has-pattern-background has-mask-background nonhundred-percent-fullwidth non-hundred-percent-height-scrolling\" style=\"--awb-border-radius-top-left:0px;--awb-border-radius-top-right:0px;--awb-border-radius-bottom-right:0px;--awb-border-radius-bottom-left:0px;--awb-padding-top:50px;--awb-padding-bottom:80px;--awb-background-color:var(--awb-color4);--awb-flex-wrap:wrap;\" ><div class=\"fusion-builder-row fusion-row fusion-flex-align-items-flex-start fusion-flex-justify-content-space-between fusion-flex-content-wrap\" style=\"max-width:1248px;margin-left: calc(-4% \/ 2 );margin-right: calc(-4% \/ 2 );\"><div class=\"fusion-layout-column fusion_builder_column fusion-builder-column-1 fusion_builder_column_3_4 3_4 fusion-flex-column\" style=\"--awb-bg-size:cover;--awb-width-large:75%;--awb-margin-top-large:30px;--awb-spacing-right-large:2.56%;--awb-margin-bottom-large:0px;--awb-spacing-left-large:2.56%;--awb-width-medium:80%;--awb-order-medium:0;--awb-margin-top-medium:5px;--awb-spacing-right-medium:2.4%;--awb-spacing-left-medium:2.4%;--awb-width-small:100%;--awb-order-small:0;--awb-margin-top-small:0px;--awb-spacing-right-small:1.92%;--awb-spacing-left-small:1.92%;\"><div class=\"fusion-column-wrapper fusion-column-has-shadow fusion-flex-justify-content-flex-start fusion-content-layout-column\"><div class=\"fusion-title title fusion-title-3 fusion-sep-none fusion-title-text fusion-title-size-four\" style=\"--awb-margin-bottom:40px;--awb-margin-bottom-small:30px;\"><h4 class=\"fusion-title-heading title-heading-left fusion-responsive-typography-calculated\" style=\"margin:0;--fontSize:24;line-height:var(--awb-typography1-line-height);\">Aseguramos el cumplimiento de sus productos sanitarios con las normativas suizas, facilitando su entrada y permanencia en el mercado de Suiza.<\/h4><\/div><div class=\"fusion-separator\" style=\"align-self: flex-start;margin-right:auto;margin-bottom:50px;width:100%;max-width:200px;\"><div class=\"fusion-separator-border sep-single sep-solid\" style=\"--awb-height:20px;--awb-amount:20px;--awb-sep-color:var(--awb-color5);border-color:var(--awb-color5);border-top-width:1px;\"><\/div><\/div><div class=\"fusion-text fusion-text-1\"><p>Los fabricantes que deseen comercializar un producto sanitario en el mercado suizo tienen que designar un representante autorizado domiciliado en Suiza o <strong><u><a href=\"https:\/\/cmcmedicaldevices.com\/es\/servicios\/representacion-suiza\/\">CH-REP<\/a><\/u><\/strong>.<\/p>\n<p>CMC Medical Devices GMBH, es el punto de contacto con las autoridades suizas (Swissmedic) y act\u00faa en nombre del fabricante para llevar a cabo tareas espec\u00edficas en relaci\u00f3n con sus obligaciones.<\/p>\n<\/div><div ><a class=\"fusion-button button-flat fusion-button-default-size button-custom fusion-button-default button-1 fusion-button-default-span fusion-button-default-type awb-b-icon-pos-right\" style=\"--button_accent_color:var(--awb-color5);--button_border_color:var(--awb-color4);--button_accent_hover_color:var(--awb-color5);--button_border_hover_color:var(--awb-color5);--button_gradient_top_color:rgba(0,0,0,0);--button_gradient_bottom_color:rgba(0,0,0,0);--button_gradient_top_color_hover:rgba(0,0,0,0);--button_gradient_bottom_color_hover:rgba(0,0,0,0);--button_font_size:16px;--button_padding-left:8px;--button_typography-font-family:&quot;Merriweather Sans&quot;;--button_typography-font-style:normal;--button_typography-font-weight:400;\" target=\"_self\" data-hover=\"icon_position\" href=\"https:\/\/cmcmedicaldevices.com\/es\/contacto\/\"><span class=\"fusion-button-text\">Contacta con nosotros<\/span><i class=\"fa-angle-right fas button-icon-right\" aria-hidden=\"true\"><\/i><i class=\"fa-angle-right fas button-icon-right\" aria-hidden=\"true\"><\/i><\/a><\/div><\/div><\/div><\/div><\/div><div class=\"fusion-fullwidth fullwidth-box fusion-builder-row-3 fusion-flex-container has-pattern-background has-mask-background nonhundred-percent-fullwidth non-hundred-percent-height-scrolling\" style=\"--awb-border-sizes-bottom:1px;--awb-border-color:rgba(197,252,84,0.5);--awb-border-radius-top-left:0px;--awb-border-radius-top-right:0px;--awb-border-radius-bottom-right:0px;--awb-border-radius-bottom-left:0px;--awb-padding-top:90px;--awb-padding-bottom:90px;--awb-background-color:var(--awb-color5);--awb-flex-wrap:wrap;\" ><div class=\"fusion-builder-row fusion-row fusion-flex-align-items-flex-start fusion-flex-content-wrap\" style=\"max-width:1248px;margin-left: calc(-4% \/ 2 );margin-right: calc(-4% \/ 2 );\"><div class=\"fusion-layout-column fusion_builder_column fusion-builder-column-2 fusion_builder_column_3_4 3_4 fusion-flex-column\" style=\"--awb-bg-size:cover;--awb-width-large:75%;--awb-margin-top-large:0px;--awb-spacing-right-large:2.56%;--awb-margin-bottom-large:60px;--awb-spacing-left-large:2.56%;--awb-width-medium:80%;--awb-order-medium:0;--awb-spacing-right-medium:2.4%;--awb-spacing-left-medium:2.4%;--awb-width-small:100%;--awb-order-small:0;--awb-spacing-right-small:1.92%;--awb-margin-bottom-small:65px;--awb-spacing-left-small:1.92%;\"><div class=\"fusion-column-wrapper fusion-column-has-shadow fusion-flex-justify-content-flex-start fusion-content-layout-column\"><div class=\"fusion-title title fusion-title-4 fusion-sep-none fusion-title-text fusion-title-size-three\" style=\"--awb-text-color:var(--awb-color3);--awb-margin-bottom:30px;--awb-margin-bottom-small:20px;\"><h3 class=\"fusion-title-heading title-heading-left fusion-responsive-typography-calculated\" style=\"margin:0;--fontSize:32;line-height:1.4;\">Importador Legal de Productos Sanitarios e IVD en Suiza<\/h3><\/div><div class=\"fusion-title title fusion-title-5 fusion-sep-none fusion-title-text fusion-title-size-six\" style=\"--awb-text-color:var(--awb-color4);--awb-margin-bottom:20px;\"><h6 class=\"fusion-title-heading title-heading-left fusion-responsive-typography-calculated\" style=\"font-family:&quot;Merriweather&quot;;font-style:normal;font-weight:400;margin:0;--fontSize:16;--minFontSize:16;line-height:var(--awb-typography1-line-height);\"><p>CMC Medical Devices act\u00faa como su importador legal en Suiza para productos sanitarios y productos para diagn\u00f3stico in vitro (IVD), garantizando el cumplimiento total de la normativa suiza de importaci\u00f3n.<\/p>\n<p>Nos encargamos de toda la documentaci\u00f3n, tr\u00e1mites aduaneros y requisitos regulatorios, haciendo que el proceso de importaci\u00f3n sea eficiente, seguro y totalmente conforme.<\/p>\n<p>Con CMC gestionando la importaci\u00f3n, podr\u00e1 centrarse en su negocio mientras asegura una entrada fluida al mercado suizo.<\/p><\/h6><\/div><div ><a class=\"fusion-button button-flat fusion-button-default-size button-custom fusion-button-default button-2 fusion-button-default-span fusion-button-default-type awb-b-icon-pos-right\" style=\"--button_accent_color:var(--awb-color3);--button_border_color:var(--awb-color4);--button_accent_hover_color:var(--awb-color3);--button_border_hover_color:var(--awb-color3);--button_gradient_top_color:rgba(0,0,0,0);--button_gradient_bottom_color:rgba(0,0,0,0);--button_gradient_top_color_hover:rgba(0,0,0,0);--button_gradient_bottom_color_hover:rgba(0,0,0,0);--button_font_size:16px;--button_padding-left:8px;--button_typography-font-family:&quot;Merriweather Sans&quot;;--button_typography-font-style:normal;--button_typography-font-weight:400;\" target=\"_self\" data-hover=\"icon_position\" href=\"https:\/\/cmcmedicaldevices.com\/es\/contacto\/\"><span class=\"fusion-button-text\">Te ayudamos con tus importaciones en Suiza<\/span><i class=\"fa-angle-right fas button-icon-right\" aria-hidden=\"true\"><\/i><i class=\"fa-angle-right fas button-icon-right\" aria-hidden=\"true\"><\/i><\/a><\/div><\/div><\/div><div class=\"fusion-layout-column fusion_builder_column fusion-builder-column-3 fusion_builder_column_1_2 1_2 fusion-flex-column\" style=\"--awb-bg-size:cover;--awb-width-large:50%;--awb-margin-top-large:0px;--awb-spacing-right-large:9.6%;--awb-margin-bottom-large:0px;--awb-spacing-left-large:3.84%;--awb-width-medium:50%;--awb-order-medium:0;--awb-spacing-right-medium:9.6%;--awb-spacing-left-medium:3.84%;--awb-width-small:100%;--awb-order-small:0;--awb-spacing-right-small:1.92%;--awb-margin-bottom-small:65px;--awb-spacing-left-small:1.92%;\"><div class=\"fusion-column-wrapper fusion-column-has-shadow fusion-flex-justify-content-flex-start fusion-content-layout-column\"><div class=\"fusion-title title fusion-title-6 fusion-sep-none fusion-title-text fusion-title-size-three\" style=\"--awb-text-color:var(--awb-color3);--awb-margin-bottom:30px;--awb-margin-bottom-small:20px;\"><h3 class=\"fusion-title-heading title-heading-left fusion-responsive-typography-calculated\" style=\"margin:0;--fontSize:32;line-height:1.4;\">Registro de Productos<\/h3><\/div><div class=\"fusion-title title fusion-title-7 fusion-sep-none fusion-title-text fusion-title-size-six\" style=\"--awb-text-color:var(--awb-color4);--awb-margin-bottom:20px;\"><h6 class=\"fusion-title-heading title-heading-left fusion-responsive-typography-calculated\" style=\"font-family:&quot;Merriweather&quot;;font-style:normal;font-weight:400;margin:0;--fontSize:16;--minFontSize:16;line-height:var(--awb-typography1-line-height);\">Te ayudamos en el registro de nuestro mandato ante SWISSMEDIC antes de que los productos puedan ser comercializarlos.<\/h6><\/div><div ><a class=\"fusion-button button-flat fusion-button-default-size button-custom fusion-button-default button-3 fusion-button-default-span fusion-button-default-type awb-b-icon-pos-right\" style=\"--button_accent_color:var(--awb-color3);--button_border_color:var(--awb-color4);--button_accent_hover_color:var(--awb-color3);--button_border_hover_color:var(--awb-color3);--button_gradient_top_color:rgba(0,0,0,0);--button_gradient_bottom_color:rgba(0,0,0,0);--button_gradient_top_color_hover:rgba(0,0,0,0);--button_gradient_bottom_color_hover:rgba(0,0,0,0);--button_font_size:16px;--button_padding-left:8px;--button_typography-font-family:&quot;Merriweather Sans&quot;;--button_typography-font-style:normal;--button_typography-font-weight:400;\" target=\"_self\" data-hover=\"icon_position\" href=\"https:\/\/cmcmedicaldevices.com\/es\/contacto\/\"><span class=\"fusion-button-text\">Registramos tus productos en Suiza<\/span><i class=\"fa-angle-right fas button-icon-right\" aria-hidden=\"true\"><\/i><i class=\"fa-angle-right fas button-icon-right\" aria-hidden=\"true\"><\/i><\/a><\/div><\/div><\/div><div class=\"fusion-layout-column fusion_builder_column fusion-builder-column-4 fusion_builder_column_1_2 1_2 fusion-flex-column\" style=\"--awb-bg-size:cover;--awb-width-large:50%;--awb-margin-top-large:0px;--awb-spacing-right-large:3.84%;--awb-margin-bottom-large:0px;--awb-spacing-left-large:9.6%;--awb-width-medium:50%;--awb-order-medium:0;--awb-spacing-right-medium:3.84%;--awb-spacing-left-medium:9.6%;--awb-width-small:100%;--awb-order-small:0;--awb-spacing-right-small:1.92%;--awb-spacing-left-small:1.92%;\"><div class=\"fusion-column-wrapper fusion-column-has-shadow fusion-flex-justify-content-flex-start fusion-content-layout-column\"><div class=\"fusion-title title fusion-title-8 fusion-sep-none fusion-title-text fusion-title-size-three\" style=\"--awb-text-color:var(--awb-color3);--awb-margin-bottom:30px;--awb-margin-bottom-small:20px;\"><h3 class=\"fusion-title-heading title-heading-left fusion-responsive-typography-calculated\" style=\"margin:0;--fontSize:32;line-height:1.4;\">CH FSC<\/h3><\/div><div class=\"fusion-title title fusion-title-9 fusion-sep-none fusion-title-text fusion-title-size-six\" style=\"--awb-text-color:var(--awb-color4);--awb-margin-bottom:20px;\"><h6 class=\"fusion-title-heading title-heading-left fusion-responsive-typography-calculated\" style=\"font-family:&quot;Merriweather&quot;;font-style:normal;font-weight:400;margin:0;--fontSize:16;--minFontSize:16;line-height:var(--awb-typography1-line-height);\">CMC tambi\u00e9n puede solicitar el FSC de Suiza para cualquier pa\u00eds del mundo, incluyendo la legalizaci\u00f3n del pa\u00eds correspondiente.<\/h6><\/div><div ><a class=\"fusion-button button-flat fusion-button-default-size button-custom fusion-button-default button-4 fusion-button-default-span fusion-button-default-type awb-b-icon-pos-right\" style=\"--button_accent_color:var(--awb-color3);--button_border_color:var(--awb-color4);--button_accent_hover_color:var(--awb-color3);--button_border_hover_color:var(--awb-color3);--button_gradient_top_color:rgba(0,0,0,0);--button_gradient_bottom_color:rgba(0,0,0,0);--button_gradient_top_color_hover:rgba(0,0,0,0);--button_gradient_bottom_color_hover:rgba(0,0,0,0);--button_font_size:16px;--button_padding-left:8px;--button_typography-font-family:&quot;Merriweather Sans&quot;;--button_typography-font-style:normal;--button_typography-font-weight:400;\" target=\"_self\" data-hover=\"icon_position\" href=\"https:\/\/cmcmedicaldevices.com\/es\/contacto\/\"><span class=\"fusion-button-text\">Solicitamos tu FSC en Suiza<\/span><i class=\"fa-angle-right fas button-icon-right\" aria-hidden=\"true\"><\/i><i class=\"fa-angle-right fas button-icon-right\" aria-hidden=\"true\"><\/i><\/a><\/div><\/div><\/div><\/div><\/div>\n","protected":false},"excerpt":{"rendered":"","protected":false},"author":1,"featured_media":0,"parent":634,"menu_order":0,"comment_status":"closed","ping_status":"closed","template":"100-width.php","meta":{"_acf_changed":false,"footnotes":""},"class_list":["post-773","page","type-page","status-publish","hentry"],"acf":[],"yoast_head":"<!-- This site is optimized with the Yoast SEO plugin v25.3.1 - https:\/\/yoast.com\/wordpress\/plugins\/seo\/ -->\n<title>Suiza - CH REP | CMC Medical Devices<\/title>\n<meta name=\"description\" content=\"Servicios de representaci\u00f3n para dispositivos m\u00e9dicos en Suiza. Asegura conformidad regulatoria y acceso al mercado suizo.\" \/>\n<meta name=\"robots\" content=\"noindex, follow\" \/>\n<meta property=\"og:locale\" content=\"es_ES\" \/>\n<meta property=\"og:type\" content=\"article\" \/>\n<meta property=\"og:title\" content=\"Suiza - CH REP | CMC Medical Devices\" \/>\n<meta property=\"og:description\" content=\"Servicios de representaci\u00f3n para dispositivos m\u00e9dicos en Suiza. Asegura conformidad regulatoria y acceso al mercado suizo.\" \/>\n<meta property=\"og:url\" content=\"https:\/\/cmcmedicaldevices.com\/locations\/switzerland-ch-rep\/\" \/>\n<meta property=\"og:site_name\" content=\"CMC Medical Devices\" \/>\n<meta property=\"article:modified_time\" content=\"2026-01-21T09:38:23+00:00\" \/>\n<meta property=\"og:image\" content=\"https:\/\/cmcmedicaldevices.com\/wp-content\/uploads\/2024\/06\/Logo-SEO-CMC.webp\" \/>\n\t<meta property=\"og:image:width\" content=\"1200\" \/>\n\t<meta property=\"og:image:height\" content=\"675\" \/>\n\t<meta property=\"og:image:type\" content=\"image\/webp\" \/>\n<meta name=\"twitter:card\" content=\"summary_large_image\" \/>\n<meta name=\"twitter:label1\" content=\"Tiempo de lectura\" \/>\n\t<meta name=\"twitter:data1\" content=\"2 minutos\" \/>\n<script type=\"application\/ld+json\" class=\"yoast-schema-graph\">{\"@context\":\"https:\/\/schema.org\",\"@graph\":[{\"@type\":\"WebPage\",\"@id\":\"https:\/\/cmcmedicaldevices.com\/locations\/switzerland-ch-rep\/\",\"url\":\"https:\/\/cmcmedicaldevices.com\/locations\/switzerland-ch-rep\/\",\"name\":\"Suiza - CH REP | CMC Medical Devices\",\"isPartOf\":{\"@id\":\"https:\/\/cmcmedicaldevices.com\/#website\"},\"datePublished\":\"2024-06-17T16:06:59+00:00\",\"dateModified\":\"2026-01-21T09:38:23+00:00\",\"description\":\"Servicios de representaci\u00f3n para dispositivos m\u00e9dicos en Suiza. Asegura conformidad regulatoria y acceso al mercado suizo.\",\"breadcrumb\":{\"@id\":\"https:\/\/cmcmedicaldevices.com\/locations\/switzerland-ch-rep\/#breadcrumb\"},\"inLanguage\":\"es\",\"potentialAction\":[{\"@type\":\"ReadAction\",\"target\":[\"https:\/\/cmcmedicaldevices.com\/locations\/switzerland-ch-rep\/\"]}]},{\"@type\":\"BreadcrumbList\",\"@id\":\"https:\/\/cmcmedicaldevices.com\/locations\/switzerland-ch-rep\/#breadcrumb\",\"itemListElement\":[{\"@type\":\"ListItem\",\"position\":1,\"name\":\"Portada\",\"item\":\"https:\/\/cmcmedicaldevices.com\/es\/\"},{\"@type\":\"ListItem\",\"position\":2,\"name\":\"Regiones\",\"item\":\"https:\/\/cmcmedicaldevices.com\/es\/regiones\/\"},{\"@type\":\"ListItem\",\"position\":3,\"name\":\"Suiza &#8211; CH REP\"}]},{\"@type\":\"WebSite\",\"@id\":\"https:\/\/cmcmedicaldevices.com\/#website\",\"url\":\"https:\/\/cmcmedicaldevices.com\/\",\"name\":\"CMC Medical Devices\",\"description\":\"In Country Representation and Global Consulting for medical devices\",\"publisher\":{\"@id\":\"https:\/\/cmcmedicaldevices.com\/#organization\"},\"alternateName\":\"CMC\",\"potentialAction\":[{\"@type\":\"SearchAction\",\"target\":{\"@type\":\"EntryPoint\",\"urlTemplate\":\"https:\/\/cmcmedicaldevices.com\/?s={search_term_string}\"},\"query-input\":{\"@type\":\"PropertyValueSpecification\",\"valueRequired\":true,\"valueName\":\"search_term_string\"}}],\"inLanguage\":\"es\"},{\"@type\":\"Organization\",\"@id\":\"https:\/\/cmcmedicaldevices.com\/#organization\",\"name\":\"CMC Medical Devices\",\"alternateName\":\"CMC CONSULTING GROUP\",\"url\":\"https:\/\/cmcmedicaldevices.com\/\",\"logo\":{\"@type\":\"ImageObject\",\"inLanguage\":\"es\",\"@id\":\"https:\/\/cmcmedicaldevices.com\/#\/schema\/logo\/image\/\",\"url\":\"https:\/\/cmcmedicaldevices.com\/wp-content\/uploads\/2024\/06\/Logo-SEO-cuadrado-CMC.webp\",\"contentUrl\":\"https:\/\/cmcmedicaldevices.com\/wp-content\/uploads\/2024\/06\/Logo-SEO-cuadrado-CMC.webp\",\"width\":675,\"height\":675,\"caption\":\"CMC Medical Devices\"},\"image\":{\"@id\":\"https:\/\/cmcmedicaldevices.com\/#\/schema\/logo\/image\/\"}}]}<\/script>\n<!-- \/ Yoast SEO plugin. -->","yoast_head_json":{"title":"Suiza - CH REP | CMC Medical Devices","description":"Servicios de representaci\u00f3n para dispositivos m\u00e9dicos en Suiza. Asegura conformidad regulatoria y acceso al mercado suizo.","robots":{"index":"noindex","follow":"follow"},"og_locale":"es_ES","og_type":"article","og_title":"Suiza - CH REP | CMC Medical Devices","og_description":"Servicios de representaci\u00f3n para dispositivos m\u00e9dicos en Suiza. Asegura conformidad regulatoria y acceso al mercado suizo.","og_url":"https:\/\/cmcmedicaldevices.com\/locations\/switzerland-ch-rep\/","og_site_name":"CMC Medical Devices","article_modified_time":"2026-01-21T09:38:23+00:00","og_image":[{"width":1200,"height":675,"url":"https:\/\/cmcmedicaldevices.com\/wp-content\/uploads\/2024\/06\/Logo-SEO-CMC.webp","type":"image\/webp"}],"twitter_card":"summary_large_image","twitter_misc":{"Tiempo de lectura":"2 minutos"},"schema":{"@context":"https:\/\/schema.org","@graph":[{"@type":"WebPage","@id":"https:\/\/cmcmedicaldevices.com\/locations\/switzerland-ch-rep\/","url":"https:\/\/cmcmedicaldevices.com\/locations\/switzerland-ch-rep\/","name":"Suiza - CH REP | CMC Medical Devices","isPartOf":{"@id":"https:\/\/cmcmedicaldevices.com\/#website"},"datePublished":"2024-06-17T16:06:59+00:00","dateModified":"2026-01-21T09:38:23+00:00","description":"Servicios de representaci\u00f3n para dispositivos m\u00e9dicos en Suiza. Asegura conformidad regulatoria y acceso al mercado suizo.","breadcrumb":{"@id":"https:\/\/cmcmedicaldevices.com\/locations\/switzerland-ch-rep\/#breadcrumb"},"inLanguage":"es","potentialAction":[{"@type":"ReadAction","target":["https:\/\/cmcmedicaldevices.com\/locations\/switzerland-ch-rep\/"]}]},{"@type":"BreadcrumbList","@id":"https:\/\/cmcmedicaldevices.com\/locations\/switzerland-ch-rep\/#breadcrumb","itemListElement":[{"@type":"ListItem","position":1,"name":"Portada","item":"https:\/\/cmcmedicaldevices.com\/es\/"},{"@type":"ListItem","position":2,"name":"Regiones","item":"https:\/\/cmcmedicaldevices.com\/es\/regiones\/"},{"@type":"ListItem","position":3,"name":"Suiza &#8211; CH REP"}]},{"@type":"WebSite","@id":"https:\/\/cmcmedicaldevices.com\/#website","url":"https:\/\/cmcmedicaldevices.com\/","name":"CMC Medical Devices","description":"In Country Representation and Global Consulting for medical devices","publisher":{"@id":"https:\/\/cmcmedicaldevices.com\/#organization"},"alternateName":"CMC","potentialAction":[{"@type":"SearchAction","target":{"@type":"EntryPoint","urlTemplate":"https:\/\/cmcmedicaldevices.com\/?s={search_term_string}"},"query-input":{"@type":"PropertyValueSpecification","valueRequired":true,"valueName":"search_term_string"}}],"inLanguage":"es"},{"@type":"Organization","@id":"https:\/\/cmcmedicaldevices.com\/#organization","name":"CMC Medical Devices","alternateName":"CMC CONSULTING GROUP","url":"https:\/\/cmcmedicaldevices.com\/","logo":{"@type":"ImageObject","inLanguage":"es","@id":"https:\/\/cmcmedicaldevices.com\/#\/schema\/logo\/image\/","url":"https:\/\/cmcmedicaldevices.com\/wp-content\/uploads\/2024\/06\/Logo-SEO-cuadrado-CMC.webp","contentUrl":"https:\/\/cmcmedicaldevices.com\/wp-content\/uploads\/2024\/06\/Logo-SEO-cuadrado-CMC.webp","width":675,"height":675,"caption":"CMC Medical Devices"},"image":{"@id":"https:\/\/cmcmedicaldevices.com\/#\/schema\/logo\/image\/"}}]}},"_links":{"self":[{"href":"https:\/\/cmcmedicaldevices.com\/es\/wp-json\/wp\/v2\/pages\/773","targetHints":{"allow":["GET"]}}],"collection":[{"href":"https:\/\/cmcmedicaldevices.com\/es\/wp-json\/wp\/v2\/pages"}],"about":[{"href":"https:\/\/cmcmedicaldevices.com\/es\/wp-json\/wp\/v2\/types\/page"}],"author":[{"embeddable":true,"href":"https:\/\/cmcmedicaldevices.com\/es\/wp-json\/wp\/v2\/users\/1"}],"replies":[{"embeddable":true,"href":"https:\/\/cmcmedicaldevices.com\/es\/wp-json\/wp\/v2\/comments?post=773"}],"version-history":[{"count":26,"href":"https:\/\/cmcmedicaldevices.com\/es\/wp-json\/wp\/v2\/pages\/773\/revisions"}],"predecessor-version":[{"id":4721,"href":"https:\/\/cmcmedicaldevices.com\/es\/wp-json\/wp\/v2\/pages\/773\/revisions\/4721"}],"up":[{"embeddable":true,"href":"https:\/\/cmcmedicaldevices.com\/es\/wp-json\/wp\/v2\/pages\/634"}],"wp:attachment":[{"href":"https:\/\/cmcmedicaldevices.com\/es\/wp-json\/wp\/v2\/media?parent=773"}],"curies":[{"name":"wp","href":"https:\/\/api.w.org\/{rel}","templated":true}]}}